{"id":65,"date":"2020-03-16T08:21:54","date_gmt":"2020-03-16T07:21:54","guid":{"rendered":"http:\/\/kranzhost.de\/vito-irmen2020\/?page_id=65"},"modified":"2026-02-11T10:07:22","modified_gmt":"2026-02-11T09:07:22","slug":"verbaende","status":"publish","type":"page","link":"https:\/\/vito-irmen.kranzweb.de\/fr\/unternehmen\/verbaende\/","title":{"rendered":"Les associations"},"content":{"rendered":"<div data-elementor-type=\"wp-page\" data-elementor-id=\"65\" class=\"elementor elementor-65\" data-elementor-post-type=\"page\">\n\t\t\t\t<div class=\"elementor-element elementor-element-d7fcec9 e-grid e-con-boxed e-con e-parent\" data-id=\"d7fcec9\" data-element_type=\"container\" data-e-type=\"container\">\n\t\t\t\t\t<div class=\"e-con-inner\">\n\t\t<div class=\"elementor-element elementor-element-c4adf69 e-con-full e-flex e-con e-child\" data-id=\"c4adf69\" data-element_type=\"container\" data-e-type=\"container\" data-settings=\"{&quot;background_background&quot;:&quot;classic&quot;}\">\n\t\t\t\t<div class=\"elementor-element elementor-element-c6bbbdb elementor-widget elementor-widget-image\" data-id=\"c6bbbdb\" data-element_type=\"widget\" data-e-type=\"widget\" data-widget_type=\"image.default\">\n\t\t\t\t\t\t\t\t\t\t\t\t\t\t\t<img fetchpriority=\"high\" decoding=\"async\" width=\"800\" height=\"287\" src=\"https:\/\/vito-irmen.kranzweb.de\/wp-content\/uploads\/2025\/09\/logo_industrieverband_klebstoffe.jpg.png\" class=\"attachment-large size-large wp-image-8497\" alt=\"\" srcset=\"https:\/\/vito-irmen.kranzweb.de\/wp-content\/uploads\/2025\/09\/logo_industrieverband_klebstoffe.jpg.png 1000w, https:\/\/vito-irmen.kranzweb.de\/wp-content\/uploads\/2025\/09\/logo_industrieverband_klebstoffe.jpg-300x108.png 300w, https:\/\/vito-irmen.kranzweb.de\/wp-content\/uploads\/2025\/09\/logo_industrieverband_klebstoffe.jpg-768x276.png 768w, https:\/\/vito-irmen.kranzweb.de\/wp-content\/uploads\/2025\/09\/logo_industrieverband_klebstoffe.jpg-18x6.png 18w\" sizes=\"(max-width: 800px) 100vw, 800px\" \/>\t\t\t\t\t\t\t\t\t\t\t\t\t\t\t<\/div>\n\t\t\t\t<\/div>\n\t\t<div class=\"elementor-element elementor-element-1188520 e-con-full e-flex e-con e-child\" data-id=\"1188520\" data-element_type=\"container\" data-e-type=\"container\" data-settings=\"{&quot;background_background&quot;:&quot;classic&quot;}\">\n\t\t\t\t<div class=\"elementor-element elementor-element-fef36c7 elementor-widget elementor-widget-heading\" data-id=\"fef36c7\" data-element_type=\"widget\" data-e-type=\"widget\" data-widget_type=\"heading.default\">\n\t\t\t\t\t<h2 class=\"elementor-heading-title elementor-size-default\">Association de l'industrie des adh\u00e9sifs (Adhesives Industry Association e.V.)<\/h2>\t\t\t\t<\/div>\n\t\t\t\t<div class=\"elementor-element elementor-element-8777015 elementor-widget elementor-widget-text-editor\" data-id=\"8777015\" data-element_type=\"widget\" data-e-type=\"widget\" data-widget_type=\"text-editor.default\">\n\t\t\t\t\t\t\t\t\t<p>L&#039;association industrielle des adh\u00e9sifs repr\u00e9sente les int\u00e9r\u00eats techniques et \u00e9conomiques-politiques de l&#039;industrie allemande des adh\u00e9sifs depuis plus de 70 ans. Fond\u00e9e en 1946, l&#039;Association de l&#039;industrie des adh\u00e9sifs est aujourd&#039;hui la plus grande et, en termes de portefeuille de services, la plus importante association nationale au monde dans le domaine de la technologie des adh\u00e9sifs.<\/p>\t\t\t\t\t\t\t\t<\/div>\n\t\t\t\t<div class=\"elementor-element elementor-element-9e2112a elementor-align-left elementor-widget elementor-widget-button\" data-id=\"9e2112a\" data-element_type=\"widget\" data-e-type=\"widget\" data-widget_type=\"button.default\">\n\t\t\t\t\t\t\t\t\t\t<a class=\"elementor-button elementor-button-link elementor-size-sm\" href=\"https:\/\/www.klebstoffe.com\/\" target=\"_blank\" rel=\"noopener\">\n\t\t\t\t\t\t<span class=\"elementor-button-content-wrapper\">\n\t\t\t\t\t\t\t\t\t<span class=\"elementor-button-text\">www.klebstoffe.com<\/span>\n\t\t\t\t\t<\/span>\n\t\t\t\t\t<\/a>\n\t\t\t\t\t\t\t\t<\/div>\n\t\t\t\t<\/div>\n\t\t\t\t\t<\/div>\n\t\t\t\t<\/div>\n\t\t\t\t<\/div>","protected":false},"excerpt":{"rendered":"<p>Industrieverband Klebstoffe e.V. Seit mehr als 70 Jahren vertritt der Industrieverband Klebstoffe die technischen und wirtschafts-politischen Interessen der deutschen Klebstoffindustrie. 1946 gegr\u00fcndet gilt der Industrieverband Klebstoffe heute als der gr\u00f6\u00dfte und im Hinblick auf sein Serviceportfolio ebenfalls als der weltweit f\u00fchrende nationale Verband auf dem Gebiet der Klebtechnik. www.klebstoffe.com<\/p>","protected":false},"author":11,"featured_media":4051,"parent":53,"menu_order":16,"comment_status":"closed","ping_status":"closed","template":"","meta":{"_acf_changed":false,"footnotes":""},"menu":[158],"class_list":["post-65","page","type-page","status-publish","format-standard","has-post-thumbnail","hentry","menu-unternehmen"],"acf":[],"_links":{"self":[{"href":"https:\/\/vito-irmen.kranzweb.de\/fr\/wp-json\/wp\/v2\/pages\/65","targetHints":{"allow":["GET"]}}],"collection":[{"href":"https:\/\/vito-irmen.kranzweb.de\/fr\/wp-json\/wp\/v2\/pages"}],"about":[{"href":"https:\/\/vito-irmen.kranzweb.de\/fr\/wp-json\/wp\/v2\/types\/page"}],"author":[{"embeddable":true,"href":"https:\/\/vito-irmen.kranzweb.de\/fr\/wp-json\/wp\/v2\/users\/11"}],"replies":[{"embeddable":true,"href":"https:\/\/vito-irmen.kranzweb.de\/fr\/wp-json\/wp\/v2\/comments?post=65"}],"version-history":[{"count":10,"href":"https:\/\/vito-irmen.kranzweb.de\/fr\/wp-json\/wp\/v2\/pages\/65\/revisions"}],"predecessor-version":[{"id":8510,"href":"https:\/\/vito-irmen.kranzweb.de\/fr\/wp-json\/wp\/v2\/pages\/65\/revisions\/8510"}],"up":[{"embeddable":true,"href":"https:\/\/vito-irmen.kranzweb.de\/fr\/wp-json\/wp\/v2\/pages\/53"}],"wp:featuredmedia":[{"embeddable":true,"href":"https:\/\/vito-irmen.kranzweb.de\/fr\/wp-json\/wp\/v2\/media\/4051"}],"wp:attachment":[{"href":"https:\/\/vito-irmen.kranzweb.de\/fr\/wp-json\/wp\/v2\/media?parent=65"}],"wp:term":[{"taxonomy":"menu","embeddable":true,"href":"https:\/\/vito-irmen.kranzweb.de\/fr\/wp-json\/wp\/v2\/menu?post=65"}],"curies":[{"name":"wp","href":"https:\/\/api.w.org\/{rel}","templated":true}]}}