{"id":6341,"date":"2010-09-05T13:02:37","date_gmt":"2010-09-05T11:02:37","guid":{"rendered":"https:\/\/www.vito-irmen.de\/?page_id=6341"},"modified":"2026-02-11T10:08:57","modified_gmt":"2026-02-11T09:08:57","slug":"nachhaltigkeit","status":"publish","type":"page","link":"https:\/\/vito-irmen.kranzweb.de\/fr\/unternehmen\/nachhaltigkeit\/","title":{"rendered":"Durabilit\u00e9"},"content":{"rendered":"<div data-elementor-type=\"wp-page\" data-elementor-id=\"6341\" class=\"elementor elementor-6341\" data-elementor-post-type=\"page\">\n\t\t\t\t<div class=\"elementor-element elementor-element-7c96e588 e-flex e-con-boxed e-con e-parent\" data-id=\"7c96e588\" data-element_type=\"container\" data-e-type=\"container\">\n\t\t\t\t\t<div class=\"e-con-inner\">\n\t\t\t\t<div class=\"elementor-element elementor-element-7f91dd9c elementor-widget elementor-widget-text-editor\" data-id=\"7f91dd9c\" data-element_type=\"widget\" data-e-type=\"widget\" data-widget_type=\"text-editor.default\">\n\t\t\t\t\t\t\t\t\t&nbsp;\r\n\r\n&nbsp;\t\t\t\t\t\t\t\t<\/div>\n\t\t\t\t\t<\/div>\n\t\t\t\t<\/div>\n\t\t<div class=\"elementor-element elementor-element-87abb0f e-flex e-con-boxed e-con e-parent\" data-id=\"87abb0f\" data-element_type=\"container\" data-e-type=\"container\">\n\t\t\t\t\t<div class=\"e-con-inner\">\n\t\t<div class=\"elementor-element elementor-element-6aa8b88 e-con-full e-flex e-con e-child\" data-id=\"6aa8b88\" data-element_type=\"container\" data-e-type=\"container\">\n\t\t<div class=\"elementor-element elementor-element-910802b e-con-full e-flex e-con e-child\" data-id=\"910802b\" data-element_type=\"container\" data-e-type=\"container\">\n\t\t\t\t<div class=\"elementor-element elementor-element-ba41dd1 elementor-widget elementor-widget-heading\" data-id=\"ba41dd1\" data-element_type=\"widget\" data-e-type=\"widget\" data-widget_type=\"heading.default\">\n\t\t\t\t\t<h3 class=\"elementor-heading-title elementor-size-default\">De l'\u00e9lectricit\u00e9 propre gr\u00e2ce \u00e0 l'\u00e9nergie solaire<\/h3>\t\t\t\t<\/div>\n\t\t\t\t<div class=\"elementor-element elementor-element-b9cc232 elementor-widget elementor-widget-text-editor\" data-id=\"b9cc232\" data-element_type=\"widget\" data-e-type=\"widget\" data-widget_type=\"text-editor.default\">\n\t\t\t\t\t\t\t\t\t<p>Notre installation photovolta\u00efque de 100 KWp fournit chaque ann\u00e9e environ 100.000 kWh d'\u00e9nergie \u00e9lectrique qui est en majeure partie utilis\u00e9e directement dans notre processus de fabrication.<\/p><p>Depuis 2021, nous avons ainsi couvert une partie significative de notre consommation d'\u00e9lectricit\u00e9 par notre propre production d\u2019\u00e9nergie.<\/p>\t\t\t\t\t\t\t\t<\/div>\n\t\t\t\t<\/div>\n\t\t<div class=\"elementor-element elementor-element-2bb0af7 e-con-full e-flex e-con e-child\" data-id=\"2bb0af7\" data-element_type=\"container\" data-e-type=\"container\">\n\t\t\t\t<div class=\"elementor-element elementor-element-872d090 elementor-widget elementor-widget-image\" data-id=\"872d090\" data-element_type=\"widget\" data-e-type=\"widget\" data-widget_type=\"image.default\">\n\t\t\t\t\t\t\t\t\t\t\t\t\t\t\t<img decoding=\"async\" src=\"https:\/\/vito-irmen.kranzweb.de\/wp-content\/uploads\/elementor\/thumbs\/AdobeStock_83278656-rfsrlsb085vfyijv098itqzjc87387z3ynk8wol5j4.jpg\" title=\"AdobeStock_83278656\" alt=\"AdobeStock_83278656\" loading=\"lazy\" \/>\t\t\t\t\t\t\t\t\t\t\t\t\t\t\t<\/div>\n\t\t\t\t<\/div>\n\t\t\t\t<\/div>\n\t\t<div class=\"elementor-element elementor-element-7458d40 e-con-full e-flex e-con e-child\" data-id=\"7458d40\" data-element_type=\"container\" data-e-type=\"container\">\n\t\t<div class=\"elementor-element elementor-element-af4faa2 e-con-full e-flex e-con e-child\" data-id=\"af4faa2\" data-element_type=\"container\" data-e-type=\"container\">\n\t\t\t\t<div class=\"elementor-element elementor-element-9551f69 elementor-widget elementor-widget-heading\" data-id=\"9551f69\" data-element_type=\"widget\" data-e-type=\"widget\" data-widget_type=\"heading.default\">\n\t\t\t\t\t<h3 class=\"elementor-heading-title elementor-size-default\">Nouvelle installation d'\u00e9puration des gaz d'\u00e9chappement<\/h3>\t\t\t\t<\/div>\n\t\t\t\t<div class=\"elementor-element elementor-element-1d3ba44 elementor-widget elementor-widget-text-editor\" data-id=\"1d3ba44\" data-element_type=\"widget\" data-e-type=\"widget\" data-widget_type=\"text-editor.default\">\n\t\t\t\t\t\t\t\t\t<p>Notre nouvelle installation d'\u00e9puration des gaz d'\u00e9chappement apportera une autre contribution essentielle \u00e0 la r\u00e9duction des \u00e9missions de CO<sub>2<\/sub>\u00a0Jusqu'\u00e0 80% des \u00e9missions seront \u00e9vit\u00e9es, les \u00e9missions de CO<sub>2\u00a0<\/sub>et la consommation d'\u00e9nergie primaire seront r\u00e9duites en cons\u00e9quence. La nouvelle installation est pr\u00e9vue d\u2019\u00eatre mise en service en 2025 et repr\u00e9sente un investissement de plus d'un million d'euros.<\/p>\t\t\t\t\t\t\t\t<\/div>\n\t\t\t\t<\/div>\n\t\t<div class=\"elementor-element elementor-element-ce8a5a8 e-con-full e-flex e-con e-child\" data-id=\"ce8a5a8\" data-element_type=\"container\" data-e-type=\"container\">\n\t\t\t\t<div class=\"elementor-element elementor-element-2e7ebff elementor-widget elementor-widget-image\" data-id=\"2e7ebff\" data-element_type=\"widget\" data-e-type=\"widget\" data-widget_type=\"image.default\">\n\t\t\t\t\t\t\t\t\t\t\t\t\t\t\t<img decoding=\"async\" src=\"https:\/\/vito-irmen.kranzweb.de\/wp-content\/uploads\/elementor\/thumbs\/vito-nachhaltigkeit2-rfsrlsb085vfyijv098itqzjc87387z3ynk8wol5j4.jpg\" title=\"vito-nachhaltigkeit2\" alt=\"vito-nachhaltigkeit2\" loading=\"lazy\" \/>\t\t\t\t\t\t\t\t\t\t\t\t\t\t\t<\/div>\n\t\t\t\t<\/div>\n\t\t\t\t<\/div>\n\t\t<div class=\"elementor-element elementor-element-235ce3a e-con-full e-flex e-con e-child\" data-id=\"235ce3a\" data-element_type=\"container\" data-e-type=\"container\">\n\t\t<div class=\"elementor-element elementor-element-58f9b84 e-con-full e-flex e-con e-child\" data-id=\"58f9b84\" data-element_type=\"container\" data-e-type=\"container\">\n\t\t\t\t<div class=\"elementor-element elementor-element-f3fcab1 elementor-widget elementor-widget-heading\" data-id=\"f3fcab1\" data-element_type=\"widget\" data-e-type=\"widget\" data-widget_type=\"heading.default\">\n\t\t\t\t\t<h3 class=\"elementor-heading-title elementor-size-default\">Nouvelle usine conforme \u00e0 la norme KfW 55<\/h3>\t\t\t\t<\/div>\n\t\t\t\t<div class=\"elementor-element elementor-element-fd1d2ca elementor-widget elementor-widget-text-editor\" data-id=\"fd1d2ca\" data-element_type=\"widget\" data-e-type=\"widget\" data-widget_type=\"text-editor.default\">\n\t\t\t\t\t\t\t\t\t<p>(= cat\u00e9gorie d'efficacit\u00e9 \u00e9nerg\u00e9tique la plus r\u00e9cente, prescrite par l'\u00c9tat)\n<br><br>\nBien avant la crise \u00e9nerg\u00e9tique et avec la construction de notre nouvelle usine \u00e0 Remagen, nous avons investi dans la technologie moderne des pompes \u00e0 chaleur ainsi que dans l'isolation moderne des b\u00e2timents. L'\u00e9nergie de chauffage n\u00e9cessaire selon la norme KfW est inf\u00e9rieure \u00e0 40 kWh\/m\u00b2a.<\/p><p>Sept \u00e9changeurs de chaleur d'une puissance de 10,2 kW chacun sont arriv\u00e9s en 2022 avec une consommation \u00e9lectrique inf\u00e9rieure \u00e0 &lt;10 kWh\/m\u00b2a, ce qui correspond \u00e0 la classe &quot;A+&quot;. Les exigences de la norme KfW 55 sont donc encore largement d\u00e9pass\u00e9es.<\/p>\t\t\t\t\t\t\t\t<\/div>\n\t\t\t\t<\/div>\n\t\t<div class=\"elementor-element elementor-element-6659bed e-con-full e-flex e-con e-child\" data-id=\"6659bed\" data-element_type=\"container\" data-e-type=\"container\">\n\t\t\t\t<div class=\"elementor-element elementor-element-773f4dd elementor-widget elementor-widget-image\" data-id=\"773f4dd\" data-element_type=\"widget\" data-e-type=\"widget\" data-widget_type=\"image.default\">\n\t\t\t\t\t\t\t\t\t\t\t\t\t\t\t<img decoding=\"async\" src=\"https:\/\/vito-irmen.kranzweb.de\/wp-content\/uploads\/elementor\/thumbs\/VITO_Luftaufnahme-Remagen_220802_DJI_0269_WEB2520_35-rfsrlsb085vfyijv098itqzjc87387z3ynk8wol5j4.jpg\" title=\"default\" alt=\"default\" loading=\"lazy\" \/>\t\t\t\t\t\t\t\t\t\t\t\t\t\t\t<\/div>\n\t\t\t\t<\/div>\n\t\t\t\t<\/div>\n\t\t<div class=\"elementor-element elementor-element-d584528 e-con-full e-flex e-con e-child\" data-id=\"d584528\" data-element_type=\"container\" data-e-type=\"container\">\n\t\t<div class=\"elementor-element elementor-element-35b9660 e-con-full e-flex e-con e-child\" data-id=\"35b9660\" data-element_type=\"container\" data-e-type=\"container\">\n\t\t\t\t<div class=\"elementor-element elementor-element-50a6f76 elementor-widget elementor-widget-heading\" data-id=\"50a6f76\" data-element_type=\"widget\" data-e-type=\"widget\" data-widget_type=\"heading.default\">\n\t\t\t\t\t<h3 class=\"elementor-heading-title elementor-size-default\">Optimisation des processus et des mati\u00e8res premi\u00e8res<\/h3>\t\t\t\t<\/div>\n\t\t\t\t<div class=\"elementor-element elementor-element-8b4009d elementor-widget elementor-widget-text-editor\" data-id=\"8b4009d\" data-element_type=\"widget\" data-e-type=\"widget\" data-widget_type=\"text-editor.default\">\n\t\t\t\t\t\t\t\t\t<p>Nous enregistrons les consommations d'\u00e9nergie au niveau des produits dans le but d'identifier les produits et processus particuli\u00e8rement inefficaces et de les optimiser durablement.<\/p><p>Nous travaillons en outre sur des projets d'\u00e9conomie circulaire et, en collaboration avec deux instituts universitaires, sur un projet financ\u00e9 par les pouvoirs publics concernant l'utilisation de mati\u00e8res premi\u00e8res renouvelables dans les rubans adh\u00e9sifs.<\/p>\t\t\t\t\t\t\t\t<\/div>\n\t\t\t\t<\/div>\n\t\t<div class=\"elementor-element elementor-element-9d2e908 e-con-full e-flex e-con e-child\" data-id=\"9d2e908\" data-element_type=\"container\" data-e-type=\"container\">\n\t\t\t\t<div class=\"elementor-element elementor-element-ff9b79d elementor-widget elementor-widget-image\" data-id=\"ff9b79d\" data-element_type=\"widget\" data-e-type=\"widget\" data-widget_type=\"image.default\">\n\t\t\t\t\t\t\t\t\t\t\t\t\t\t\t<img decoding=\"async\" src=\"https:\/\/vito-irmen.kranzweb.de\/wp-content\/uploads\/elementor\/thumbs\/vito-nachhaltigkeit1-rfsrlsb085vfyijv098itqzjc87387z3ynk8wol5j4.jpg\" title=\"vito-nachhaltigkeit1\" alt=\"vito-nachhaltigkeit1\" loading=\"lazy\" \/>\t\t\t\t\t\t\t\t\t\t\t\t\t\t\t<\/div>\n\t\t\t\t<\/div>\n\t\t\t\t<\/div>\n\t\t<div class=\"elementor-element elementor-element-d3e1bd1 e-con-full e-flex e-con e-child\" data-id=\"d3e1bd1\" data-element_type=\"container\" data-e-type=\"container\">\n\t\t<div class=\"elementor-element elementor-element-5fbd9f1 e-con-full e-flex e-con e-child\" data-id=\"5fbd9f1\" data-element_type=\"container\" data-e-type=\"container\">\n\t\t\t\t<div class=\"elementor-element elementor-element-1acc232 elementor-widget elementor-widget-heading\" data-id=\"1acc232\" data-element_type=\"widget\" data-e-type=\"widget\" data-widget_type=\"heading.default\">\n\t\t\t\t\t<h3 class=\"elementor-heading-title elementor-size-default\">Envoi durable<\/h3>\t\t\t\t<\/div>\n\t\t\t\t<div class=\"elementor-element elementor-element-9f20c5b elementor-widget elementor-widget-text-editor\" data-id=\"9f20c5b\" data-element_type=\"widget\" data-e-type=\"widget\" data-widget_type=\"text-editor.default\">\n\t\t\t\t\t\t\t\t\t<p>Pour VITO Irmen, la durabilit\u00e9 ne s'arr\u00eate pas au produit - elle se poursuit \u00e9galement dans la logistique. C'est pourquoi nous misons sur l'envoi de colis respectueux du climat avec DHL GoGreen.<br \/>Gr\u00e2ce \u00e0 ce service, nous compensons les \u00e9missions de CO\u2082 g\u00e9n\u00e9r\u00e9es par le transport par des projets certifi\u00e9s de protection du climat. Nous contribuons ainsi activement \u00e0 minimiser l'empreinte \u00e9cologique de notre cha\u00eene d'approvisionnement - dans le monde entier.<\/p>\t\t\t\t\t\t\t\t<\/div>\n\t\t\t\t<div class=\"elementor-element elementor-element-8bd5c24 elementor-align-left elementor-widget elementor-widget-button\" data-id=\"8bd5c24\" data-element_type=\"widget\" data-e-type=\"widget\" data-widget_type=\"button.default\">\n\t\t\t\t\t\t\t\t\t\t<a class=\"elementor-button elementor-button-link elementor-size-sm\" href=\"https:\/\/vito-irmen.kranzweb.de\/wp-content\/uploads\/2025\/04\/GoGreen-Plus-Zertifikat-2024.pdf\" target=\"_blank\">\n\t\t\t\t\t\t<span class=\"elementor-button-content-wrapper\">\n\t\t\t\t\t\t<span class=\"elementor-button-icon\">\n\t\t\t\t<svg aria-hidden=\"true\" class=\"e-font-icon-svg e-fas-file-download\" viewbox=\"0 0 384 512\" xmlns=\"http:\/\/www.w3.org\/2000\/svg\"><path d=\"M224 136V0H24C10.7 0 0 10.7 0 24v464c0 13.3 10.7 24 24 24h336c13.3 0 24-10.7 24-24V160H248c-13.2 0-24-10.8-24-24zm76.45 211.36l-96.42 95.7c-6.65 6.61-17.39 6.61-24.04 0l-96.42-95.7C73.42 337.29 80.54 320 94.82 320H160v-80c0-8.84 7.16-16 16-16h32c8.84 0 16 7.16 16 16v80h65.18c14.28 0 21.4 17.29 11.27 27.36zM377 105L279.1 7c-4.5-4.5-10.6-7-17-7H256v128h128v-6.1c0-6.3-2.5-12.4-7-16.9z\"><\/path><\/svg>\t\t\t<\/span>\n\t\t\t\t\t\t\t\t\t<span class=\"elementor-button-text\">DHL GoGreen-Plus Zertifikat<\/span>\n\t\t\t\t\t<\/span>\n\t\t\t\t\t<\/a>\n\t\t\t\t\t\t\t\t<\/div>\n\t\t\t\t<\/div>\n\t\t<div class=\"elementor-element elementor-element-ea2372d e-con-full e-flex e-con e-child\" data-id=\"ea2372d\" data-element_type=\"container\" data-e-type=\"container\">\n\t\t\t\t<div class=\"elementor-element elementor-element-684a5a3 elementor-widget elementor-widget-image\" data-id=\"684a5a3\" data-element_type=\"widget\" data-e-type=\"widget\" data-widget_type=\"image.default\">\n\t\t\t\t\t\t\t\t\t\t\t\t\t\t\t<img decoding=\"async\" src=\"https:\/\/vito-irmen.kranzweb.de\/wp-content\/uploads\/elementor\/thumbs\/GoGreen-rfsrlsb085vfyijv098itqzjc87387z3ynk8wol5j4.jpg\" title=\"GoGreen\" alt=\"GoGreen\" loading=\"lazy\" \/>\t\t\t\t\t\t\t\t\t\t\t\t\t\t\t<\/div>\n\t\t\t\t<\/div>\n\t\t\t\t<\/div>\n\t\t\t\t\t<\/div>\n\t\t\t\t<\/div>\n\t\t\t\t<\/div>","protected":false},"excerpt":{"rendered":"<p>&nbsp; Sauberer Strom aus Sonnenenergie Unsere 100 KWp Photovoltaik-Anlage liefert j\u00e4hrlich rund 100.000 kWh elektrische Energie. Sauberer Strom, der \u00fcberwiegend direkt in unserer Produktion genutzt wird. Seit 2021 haben wir somit einen nennenswerten Teil unseres Stromverbrauchs durch Eigenproduktion gedeckt. Neue Abgasreinigungsanlage Einen weiteren wesentlichen Beitrag zur CO2\u00a0Einsparung wird unsere neue Abgasreinigungsanlage leisten. Bis zu 80% [&hellip;]<\/p>\n","protected":false},"author":11,"featured_media":5813,"parent":53,"menu_order":18,"comment_status":"closed","ping_status":"closed","template":"","meta":{"_acf_changed":false,"footnotes":""},"menu":[182],"class_list":["post-6341","page","type-page","status-publish","format-standard","has-post-thumbnail","hentry","menu-unternehmen-2"],"acf":[],"_links":{"self":[{"href":"https:\/\/vito-irmen.kranzweb.de\/fr\/wp-json\/wp\/v2\/pages\/6341","targetHints":{"allow":["GET"]}}],"collection":[{"href":"https:\/\/vito-irmen.kranzweb.de\/fr\/wp-json\/wp\/v2\/pages"}],"about":[{"href":"https:\/\/vito-irmen.kranzweb.de\/fr\/wp-json\/wp\/v2\/types\/page"}],"author":[{"embeddable":true,"href":"https:\/\/vito-irmen.kranzweb.de\/fr\/wp-json\/wp\/v2\/users\/11"}],"replies":[{"embeddable":true,"href":"https:\/\/vito-irmen.kranzweb.de\/fr\/wp-json\/wp\/v2\/comments?post=6341"}],"version-history":[{"count":22,"href":"https:\/\/vito-irmen.kranzweb.de\/fr\/wp-json\/wp\/v2\/pages\/6341\/revisions"}],"predecessor-version":[{"id":8982,"href":"https:\/\/vito-irmen.kranzweb.de\/fr\/wp-json\/wp\/v2\/pages\/6341\/revisions\/8982"}],"up":[{"embeddable":true,"href":"https:\/\/vito-irmen.kranzweb.de\/fr\/wp-json\/wp\/v2\/pages\/53"}],"wp:featuredmedia":[{"embeddable":true,"href":"https:\/\/vito-irmen.kranzweb.de\/fr\/wp-json\/wp\/v2\/media\/5813"}],"wp:attachment":[{"href":"https:\/\/vito-irmen.kranzweb.de\/fr\/wp-json\/wp\/v2\/media?parent=6341"}],"wp:term":[{"taxonomy":"menu","embeddable":true,"href":"https:\/\/vito-irmen.kranzweb.de\/fr\/wp-json\/wp\/v2\/menu?post=6341"}],"curies":[{"name":"wp","href":"https:\/\/api.w.org\/{rel}","templated":true}]}}