{"id":61,"date":"2020-03-16T08:21:29","date_gmt":"2020-03-16T07:21:29","guid":{"rendered":"http:\/\/kranzhost.de\/vito-irmen2020\/?page_id=61"},"modified":"2026-02-11T10:06:49","modified_gmt":"2026-02-11T09:06:49","slug":"hanno-vito-gruppe","status":"publish","type":"page","link":"https:\/\/vito-irmen.kranzweb.de\/fr\/unternehmen\/hanno-vito-gruppe\/","title":{"rendered":"Groupe HANNO-VITO"},"content":{"rendered":"<div data-elementor-type=\"wp-page\" data-elementor-id=\"61\" class=\"elementor elementor-61\" data-elementor-post-type=\"page\">\n\t\t\t\t<div class=\"elementor-element elementor-element-0e98d69 e-flex e-con-boxed e-con e-parent\" data-id=\"0e98d69\" data-element_type=\"container\" data-e-type=\"container\">\n\t\t\t\t\t<div class=\"e-con-inner\">\n\t\t<div class=\"elementor-element elementor-element-336a542 e-con-full e-flex e-con e-child\" data-id=\"336a542\" data-element_type=\"container\" data-e-type=\"container\">\n\t\t\t\t<div class=\"elementor-element elementor-element-4c43c31 elementor-widget elementor-widget-text-editor\" data-id=\"4c43c31\" data-element_type=\"widget\" data-e-type=\"widget\" data-widget_type=\"text-editor.default\">\n\t\t\t\t\t\t\t\t\t<p data-start=\"321\" data-end=\"484\">Zur international t\u00e4tigen\u00a0<strong data-start=\"347\" data-end=\"368\">Hanno-VITO-Gruppe<\/strong>\u00a0geh\u00f6ren rechtlich selbst\u00e4ndige Unternehmen, die ihre St\u00e4rken b\u00fcndeln und so ein breites Produktspektrum abdecken:<\/p><ul><li data-start=\"488\" data-end=\"532\"><strong data-start=\"488\" data-end=\"530\">Hanno Werk GmbH &amp; Co. KG (Allemagne)<\/strong><\/li><li data-start=\"535\" data-end=\"559\"><strong data-start=\"535\" data-end=\"557\">Hanno (Schweiz) AG<\/strong><\/li><li data-start=\"562\" data-end=\"606\"><strong data-start=\"562\" data-end=\"604\">VITO Irmen GmbH &amp; Co. KG (Allemagne)<\/strong><\/li><\/ul>\t\t\t\t\t\t\t\t<\/div>\n\t\t\t\t<div class=\"elementor-element elementor-element-66efc89 elementor-widget elementor-widget-text-editor\" data-id=\"66efc89\" data-element_type=\"widget\" data-e-type=\"widget\" data-widget_type=\"text-editor.default\">\n\t\t\t\t\t\t\t\t\t<p data-start=\"608\" data-end=\"866\">Durch die unterschiedlichen Produktausrichtungen und die internationale Pr\u00e4senz k\u00f6nnen wir unseren Kunden ein vielf\u00e4ltiges Angebot bieten \u2013 von L\u00f6sungen zur Fugenabdichtung und Schalld\u00e4mpfung \u00fcber selbstklebende Produkte bis hin zu erg\u00e4nzenden Materialien.<\/p><p data-start=\"868\" data-end=\"1093\">Die enge Zusammenarbeit innerhalb der Gruppe \u2013 sowohl fachlich als auch organisatorisch \u2013 erm\u00f6glicht es uns, stets ganzheitliche L\u00f6sungen zu entwickeln und unseren Kunden h\u00f6chste Qualit\u00e4t und Zuverl\u00e4ssigkeit zu garantieren.<\/p>\t\t\t\t\t\t\t\t<\/div>\n\t\t\t\t<\/div>\n\t\t<div class=\"elementor-element elementor-element-700d489 e-con-full e-flex e-con e-child\" data-id=\"700d489\" data-element_type=\"container\" data-e-type=\"container\">\n\t\t\t\t<div class=\"elementor-element elementor-element-b38c569 elementor-widget elementor-widget-image\" data-id=\"b38c569\" data-element_type=\"widget\" data-e-type=\"widget\" data-widget_type=\"image.default\">\n\t\t\t\t\t\t\t\t\t\t\t\t\t\t\t<img fetchpriority=\"high\" decoding=\"async\" width=\"600\" height=\"360\" src=\"https:\/\/vito-irmen.kranzweb.de\/wp-content\/uploads\/2020\/03\/hanno-logo.png\" class=\"attachment-large size-large wp-image-856\" alt=\"\" srcset=\"https:\/\/vito-irmen.kranzweb.de\/wp-content\/uploads\/2020\/03\/hanno-logo.png 600w, https:\/\/vito-irmen.kranzweb.de\/wp-content\/uploads\/2020\/03\/hanno-logo-300x180.png 300w\" sizes=\"(max-width: 600px) 100vw, 600px\" \/>\t\t\t\t\t\t\t\t\t\t\t\t\t\t\t<\/div>\n\t\t\t\t<div class=\"elementor-element elementor-element-bfc1366 elementor-widget elementor-widget-image\" data-id=\"bfc1366\" data-element_type=\"widget\" data-e-type=\"widget\" data-widget_type=\"image.default\">\n\t\t\t\t\t\t\t\t\t\t\t\t\t\t\t<img decoding=\"async\" width=\"330\" height=\"206\" src=\"https:\/\/vito-irmen.kranzweb.de\/wp-content\/uploads\/2025\/09\/logo_vito_neu.svg\" class=\"attachment-large size-large wp-image-7315\" alt=\"\" \/>\t\t\t\t\t\t\t\t\t\t\t\t\t\t\t<\/div>\n\t\t\t\t<\/div>\n\t\t\t\t\t<\/div>\n\t\t\t\t<\/div>\n\t\t<div class=\"elementor-element elementor-element-75957ec e-flex e-con-boxed e-con e-parent\" data-id=\"75957ec\" data-element_type=\"container\" data-e-type=\"container\">\n\t\t\t\t\t<div class=\"e-con-inner\">\n\t\t<div class=\"elementor-element elementor-element-be702cc e-con-full e-flex e-con e-child\" data-id=\"be702cc\" data-element_type=\"container\" data-e-type=\"container\" data-settings=\"{&quot;background_background&quot;:&quot;classic&quot;}\">\n\t\t\t\t<div class=\"elementor-element elementor-element-a4371ee elementor-widget elementor-widget-heading\" data-id=\"a4371ee\" data-element_type=\"widget\" data-e-type=\"widget\" data-widget_type=\"heading.default\">\n\t\t\t\t\t<h2 class=\"elementor-heading-title elementor-size-default\">Hanno Allemagne<\/h2>\t\t\t\t<\/div>\n\t\t\t\t<div class=\"elementor-element elementor-element-1a9e992 elementor-widget elementor-widget-text-editor\" data-id=\"1a9e992\" data-element_type=\"widget\" data-e-type=\"widget\" data-widget_type=\"text-editor.default\">\n\t\t\t\t\t\t\t\t\t<div class=\"fl-module fl-module-rich-text fl-node-5e7e31ff08fdc\" data-node=\"5e7e31ff08fdc\"><div class=\"fl-module-content fl-node-content\"><div class=\"fl-rich-text\"><header><strong>Hanno Werk GmbH &amp; Co. KG<\/strong><\/header><header><\/header><header>Hanno-Ring 3-5<br \/>30880 Laatzen<br \/>Allemagne<\/header><\/div><\/div><\/div><div class=\"fl-module fl-module-rich-text fl-node-5e7e328d562fd\" data-node=\"5e7e328d562fd\"><div class=\"fl-module-content fl-node-content\"><div class=\"fl-rich-text\"><header>T\u00e9l\u00e9phone +49 5102 7000 0<br \/>Fax +49 5102 7000 102<br \/>E-mail: info@hanno.com<br \/>Internet:\u00a0<a title=\"www.hanno.com\" href=\"http:\/\/www.hanno.com\/\" target=\"_blank\" rel=\"noopener\">www.hanno.com<\/a><\/header><\/div><\/div><\/div>\t\t\t\t\t\t\t\t<\/div>\n\t\t\t\t<\/div>\n\t\t<div class=\"elementor-element elementor-element-838460d e-con-full e-flex e-con e-child\" data-id=\"838460d\" data-element_type=\"container\" data-e-type=\"container\" data-settings=\"{&quot;background_background&quot;:&quot;classic&quot;}\">\n\t\t\t\t<div class=\"elementor-element elementor-element-8040792 elementor-widget elementor-widget-heading\" data-id=\"8040792\" data-element_type=\"widget\" data-e-type=\"widget\" data-widget_type=\"heading.default\">\n\t\t\t\t\t<h2 class=\"elementor-heading-title elementor-size-default\">Hanno Suisse<\/h2>\t\t\t\t<\/div>\n\t\t\t\t<div class=\"elementor-element elementor-element-7600776 elementor-widget elementor-widget-text-editor\" data-id=\"7600776\" data-element_type=\"widget\" data-e-type=\"widget\" data-widget_type=\"text-editor.default\">\n\t\t\t\t\t\t\t\t\t<div class=\"fl-module fl-module-rich-text fl-node-5e7e31fbae6e1\" data-node=\"5e7e31fbae6e1\"><div class=\"fl-module-content fl-node-content\"><div class=\"fl-rich-text\"><header><strong>Hanno (Schweiz) AG<\/strong><br \/>Gewerbestra\u00dfe 10<br \/>4450 Sissach<br \/>Suisse<\/header><\/div><\/div><\/div><div class=\"fl-module fl-module-rich-text fl-node-5e7e329f7f5ee\" data-node=\"5e7e329f7f5ee\"><div class=\"fl-module-content fl-node-content\"><div class=\"fl-rich-text\"><header>T\u00e9l\u00e9phone +41 619 7386 02<br \/>Fax +41 619 7386 03<br \/>E-mail: info@hanno.ch<br \/>Internet:\u00a0<a class=\"Stil1\" href=\"http:\/\/www.hanno.ch\/\" target=\"_blank\" rel=\"noopener\">www.hanno.ch<\/a><\/header><\/div><\/div><\/div>\t\t\t\t\t\t\t\t<\/div>\n\t\t\t\t<\/div>\n\t\t\t\t\t<\/div>\n\t\t\t\t<\/div>\n\t\t\t\t<\/div>","protected":false},"excerpt":{"rendered":"<p>Zur international t\u00e4tigen\u00a0Hanno-VITO-Gruppe\u00a0geh\u00f6ren rechtlich selbst\u00e4ndige Unternehmen, die ihre St\u00e4rken b\u00fcndeln und so ein breites Produktspektrum abdecken: Hanno Werk GmbH &amp; Co. KG (Deutschland) Hanno (Schweiz) AG VITO Irmen GmbH &amp; Co. KG (Deutschland) Durch die unterschiedlichen Produktausrichtungen und die internationale Pr\u00e4senz k\u00f6nnen wir unseren Kunden ein vielf\u00e4ltiges Angebot bieten \u2013 von L\u00f6sungen zur Fugenabdichtung und [&hellip;]<\/p>\n","protected":false},"author":11,"featured_media":2428,"parent":53,"menu_order":9,"comment_status":"closed","ping_status":"closed","template":"","meta":{"_acf_changed":false,"footnotes":""},"menu":[],"class_list":["post-61","page","type-page","status-publish","format-standard","has-post-thumbnail","hentry"],"acf":[],"_links":{"self":[{"href":"https:\/\/vito-irmen.kranzweb.de\/fr\/wp-json\/wp\/v2\/pages\/61","targetHints":{"allow":["GET"]}}],"collection":[{"href":"https:\/\/vito-irmen.kranzweb.de\/fr\/wp-json\/wp\/v2\/pages"}],"about":[{"href":"https:\/\/vito-irmen.kranzweb.de\/fr\/wp-json\/wp\/v2\/types\/page"}],"author":[{"embeddable":true,"href":"https:\/\/vito-irmen.kranzweb.de\/fr\/wp-json\/wp\/v2\/users\/11"}],"replies":[{"embeddable":true,"href":"https:\/\/vito-irmen.kranzweb.de\/fr\/wp-json\/wp\/v2\/comments?post=61"}],"version-history":[{"count":11,"href":"https:\/\/vito-irmen.kranzweb.de\/fr\/wp-json\/wp\/v2\/pages\/61\/revisions"}],"predecessor-version":[{"id":8979,"href":"https:\/\/vito-irmen.kranzweb.de\/fr\/wp-json\/wp\/v2\/pages\/61\/revisions\/8979"}],"up":[{"embeddable":true,"href":"https:\/\/vito-irmen.kranzweb.de\/fr\/wp-json\/wp\/v2\/pages\/53"}],"wp:featuredmedia":[{"embeddable":true,"href":"https:\/\/vito-irmen.kranzweb.de\/fr\/wp-json\/wp\/v2\/media\/2428"}],"wp:attachment":[{"href":"https:\/\/vito-irmen.kranzweb.de\/fr\/wp-json\/wp\/v2\/media?parent=61"}],"wp:term":[{"taxonomy":"menu","embeddable":true,"href":"https:\/\/vito-irmen.kranzweb.de\/fr\/wp-json\/wp\/v2\/menu?post=61"}],"curies":[{"name":"wp","href":"https:\/\/api.w.org\/{rel}","templated":true}]}}