{"id":51,"date":"2020-03-16T08:20:16","date_gmt":"2020-03-16T07:20:16","guid":{"rendered":"http:\/\/kranzhost.de\/vito-irmen2020\/?page_id=51"},"modified":"2026-02-11T10:09:38","modified_gmt":"2026-02-11T09:09:38","slug":"partner","status":"publish","type":"page","link":"https:\/\/vito-irmen.kranzweb.de\/fr\/unternehmen\/partner\/","title":{"rendered":"Partenaire"},"content":{"rendered":"<div data-elementor-type=\"wp-page\" data-elementor-id=\"51\" class=\"elementor elementor-51\" data-elementor-post-type=\"page\">\n\t\t\t\t<div class=\"elementor-element elementor-element-e4a6e4b e-flex e-con-boxed e-con e-parent\" data-id=\"e4a6e4b\" data-element_type=\"container\" data-e-type=\"container\">\n\t\t\t\t\t<div class=\"e-con-inner\">\n\t\t<div class=\"elementor-element elementor-element-ba76806 e-con-full e-flex e-con e-child\" data-id=\"ba76806\" data-element_type=\"container\" data-e-type=\"container\">\n\t\t\t\t<div class=\"elementor-element elementor-element-dcf0a48 elementor-widget elementor-widget-heading\" data-id=\"dcf0a48\" data-element_type=\"widget\" data-e-type=\"widget\" data-widget_type=\"heading.default\">\n\t\t\t\t\t<h2 class=\"elementor-heading-title elementor-size-default\">H\u00e4ndler Deutschland<\/h2>\t\t\t\t<\/div>\n\t\t\t\t<div class=\"elementor-element elementor-element-1a0faf6 elementor-widget elementor-widget-text-editor\" data-id=\"1a0faf6\" data-element_type=\"widget\" data-e-type=\"widget\" data-widget_type=\"text-editor.default\">\n\t\t\t\t\t\t\t\t\t<p data-start=\"378\" data-end=\"571\">F\u00fcr die flexible und schnelle Lieferung kleiner Losgr\u00f6\u00dfen arbeitet VITO in Deutschland mit dem renommierten Klebebandexperten <strong data-start=\"504\" data-end=\"520\">Schwertfeger<\/strong> zusammen \u2013 unserem offiziellen Vertriebspartner.<\/p><p data-start=\"573\" data-end=\"829\">Schwertfeger bietet nicht nur die kurzfristige Versorgung mit Standardprodukten, sondern fertigt auch individuell nach Kundenwunsch: von Formstanzteilen \u00fcber Rollen- und Bogenzuschnitte bis hin zu gelaserten Pr\u00e4zisionsteilen und vielen weiteren L\u00f6sungen.<\/p><p data-start=\"831\" data-end=\"967\">So erhalten unsere Kunden passgenaue Produkte in h\u00f6chster Qualit\u00e4t \u2013 schnell, zuverl\u00e4ssig und exakt abgestimmt auf ihre Anforderungen.<\/p>\t\t\t\t\t\t\t\t<\/div>\n\t\t\t\t<\/div>\n\t\t\t\t\t<\/div>\n\t\t\t\t<\/div>\n\t\t<div class=\"elementor-element elementor-element-c564685 e-grid e-con-boxed e-con e-parent\" data-id=\"c564685\" data-element_type=\"container\" data-e-type=\"container\">\n\t\t\t\t\t<div class=\"e-con-inner\">\n\t\t<div class=\"elementor-element elementor-element-9d93bf5 e-con-full e-flex e-con e-child\" data-id=\"9d93bf5\" data-element_type=\"container\" data-e-type=\"container\" data-settings=\"{&quot;background_background&quot;:&quot;classic&quot;}\">\n\t\t\t\t<div class=\"elementor-element elementor-element-889e03b elementor-widget elementor-widget-image\" data-id=\"889e03b\" data-element_type=\"widget\" data-e-type=\"widget\" data-widget_type=\"image.default\">\n\t\t\t\t\t\t\t\t\t\t\t\t\t\t\t<img fetchpriority=\"high\" decoding=\"async\" width=\"800\" height=\"233\" src=\"https:\/\/vito-irmen.kranzweb.de\/wp-content\/uploads\/2025\/09\/schwertfeger-logo-klebeband.png\" class=\"attachment-large size-large wp-image-8487\" alt=\"\" srcset=\"https:\/\/vito-irmen.kranzweb.de\/wp-content\/uploads\/2025\/09\/schwertfeger-logo-klebeband.png 850w, https:\/\/vito-irmen.kranzweb.de\/wp-content\/uploads\/2025\/09\/schwertfeger-logo-klebeband-300x88.png 300w, https:\/\/vito-irmen.kranzweb.de\/wp-content\/uploads\/2025\/09\/schwertfeger-logo-klebeband-768x224.png 768w, https:\/\/vito-irmen.kranzweb.de\/wp-content\/uploads\/2025\/09\/schwertfeger-logo-klebeband-18x5.png 18w\" sizes=\"(max-width: 800px) 100vw, 800px\" \/>\t\t\t\t\t\t\t\t\t\t\t\t\t\t\t<\/div>\n\t\t\t\t<div class=\"elementor-element elementor-element-b07367d elementor-widget elementor-widget-heading\" data-id=\"b07367d\" data-element_type=\"widget\" data-e-type=\"widget\" data-widget_type=\"heading.default\">\n\t\t\t\t\t<h2 class=\"elementor-heading-title elementor-size-default\">Friedrich Schwertfeger GmbH &amp; Co. KG<\/h2>\t\t\t\t<\/div>\n\t\t\t\t<div class=\"elementor-element elementor-element-5c93d8e elementor-widget elementor-widget-text-editor\" data-id=\"5c93d8e\" data-element_type=\"widget\" data-e-type=\"widget\" data-widget_type=\"text-editor.default\">\n\t\t\t\t\t\t\t\t\t<p>Dunlopstra\u00dfe 58<br \/>D-33689 Bielefeld<br \/>Tel.: +49 (0) 5205 98 49-0<br \/>Fax: +49 (0) 5205 98 49-49<\/p>\t\t\t\t\t\t\t\t<\/div>\n\t\t\t\t<div class=\"elementor-element elementor-element-46ba851 elementor-align-left elementor-widget elementor-widget-button\" data-id=\"46ba851\" data-element_type=\"widget\" data-e-type=\"widget\" data-widget_type=\"button.default\">\n\t\t\t\t\t\t\t\t\t\t<a class=\"elementor-button elementor-button-link elementor-size-sm\" href=\"http:\/\/www.schwertfeger.eu\/\" target=\"_blank\" rel=\"noopener\">\n\t\t\t\t\t\t<span class=\"elementor-button-content-wrapper\">\n\t\t\t\t\t\t\t\t\t<span class=\"elementor-button-text\">Webseite<\/span>\n\t\t\t\t\t<\/span>\n\t\t\t\t\t<\/a>\n\t\t\t\t\t\t\t\t<\/div>\n\t\t\t\t<\/div>\n\t\t\t\t\t<\/div>\n\t\t\t\t<\/div>\n\t\t<div class=\"elementor-element elementor-element-ae1d6a7 e-flex e-con-boxed e-con e-parent\" data-id=\"ae1d6a7\" data-element_type=\"container\" data-e-type=\"container\">\n\t\t\t\t\t<div class=\"e-con-inner\">\n\t\t<div class=\"elementor-element elementor-element-9e22ddf e-con-full e-flex e-con e-child\" data-id=\"9e22ddf\" data-element_type=\"container\" data-e-type=\"container\">\n\t\t\t\t<div class=\"elementor-element elementor-element-5bda9ad elementor-widget elementor-widget-heading\" data-id=\"5bda9ad\" data-element_type=\"widget\" data-e-type=\"widget\" data-widget_type=\"heading.default\">\n\t\t\t\t\t<h2 class=\"elementor-heading-title elementor-size-default\">H\u00e4ndler International<\/h2>\t\t\t\t<\/div>\n\t\t\t\t<\/div>\n\t\t\t\t\t<\/div>\n\t\t\t\t<\/div>\n\t\t<div class=\"elementor-element elementor-element-145250b e-grid e-con-boxed e-con e-parent\" data-id=\"145250b\" data-element_type=\"container\" data-e-type=\"container\">\n\t\t\t\t\t<div class=\"e-con-inner\">\n\t\t<div class=\"elementor-element elementor-element-9bf6ae0 e-con-full e-flex e-con e-child\" data-id=\"9bf6ae0\" data-element_type=\"container\" data-e-type=\"container\" data-settings=\"{&quot;background_background&quot;:&quot;classic&quot;}\">\n\t\t\t\t<div class=\"elementor-element elementor-element-969a106 elementor-widget elementor-widget-heading\" data-id=\"969a106\" data-element_type=\"widget\" data-e-type=\"widget\" data-widget_type=\"heading.default\">\n\t\t\t\t\t<h2 class=\"elementor-heading-title elementor-size-default\">Espagne, Portugal, Am\u00e9rique centrale et du Sud<\/h2>\t\t\t\t<\/div>\n\t\t\t\t<div class=\"elementor-element elementor-element-dd8e83a elementor-widget elementor-widget-heading\" data-id=\"dd8e83a\" data-element_type=\"widget\" data-e-type=\"widget\" data-widget_type=\"heading.default\">\n\t\t\t\t\t<h2 class=\"elementor-heading-title elementor-size-default\">R. Meyer S.L.<\/h2>\t\t\t\t<\/div>\n\t\t\t\t<div class=\"elementor-element elementor-element-cc456ef elementor-align-left elementor-widget elementor-widget-button\" data-id=\"cc456ef\" data-element_type=\"widget\" data-e-type=\"widget\" data-widget_type=\"button.default\">\n\t\t\t\t\t\t\t\t\t\t<a class=\"elementor-button elementor-button-link elementor-size-sm\" href=\"http:\/\/www.vitoproductosautoadhesivos.com\/\" target=\"_blank\" rel=\"noopener\">\n\t\t\t\t\t\t<span class=\"elementor-button-content-wrapper\">\n\t\t\t\t\t\t\t\t\t<span class=\"elementor-button-text\">Webseite<\/span>\n\t\t\t\t\t<\/span>\n\t\t\t\t\t<\/a>\n\t\t\t\t\t\t\t\t<\/div>\n\t\t\t\t<\/div>\n\t\t<div class=\"elementor-element elementor-element-d2c9e7d e-con-full e-flex e-con e-child\" data-id=\"d2c9e7d\" data-element_type=\"container\" data-e-type=\"container\" data-settings=\"{&quot;background_background&quot;:&quot;classic&quot;}\">\n\t\t\t\t<div class=\"elementor-element elementor-element-7df1f27 elementor-widget elementor-widget-heading\" data-id=\"7df1f27\" data-element_type=\"widget\" data-e-type=\"widget\" data-widget_type=\"heading.default\">\n\t\t\t\t\t<h2 class=\"elementor-heading-title elementor-size-default\">Russie<\/h2>\t\t\t\t<\/div>\n\t\t\t\t<div class=\"elementor-element elementor-element-d07beef elementor-widget elementor-widget-heading\" data-id=\"d07beef\" data-element_type=\"widget\" data-e-type=\"widget\" data-widget_type=\"heading.default\">\n\t\t\t\t\t<h2 class=\"elementor-heading-title elementor-size-default\">OOO Speckomplektservis<\/h2>\t\t\t\t<\/div>\n\t\t\t\t<div class=\"elementor-element elementor-element-662b0a2 elementor-align-left elementor-widget elementor-widget-button\" data-id=\"662b0a2\" data-element_type=\"widget\" data-e-type=\"widget\" data-widget_type=\"button.default\">\n\t\t\t\t\t\t\t\t\t\t<a class=\"elementor-button elementor-button-link elementor-size-sm\" href=\"http:\/\/www.sk-servis.com\/\" target=\"_blank\" rel=\"noopener\">\n\t\t\t\t\t\t<span class=\"elementor-button-content-wrapper\">\n\t\t\t\t\t\t\t\t\t<span class=\"elementor-button-text\">Webseite<\/span>\n\t\t\t\t\t<\/span>\n\t\t\t\t\t<\/a>\n\t\t\t\t\t\t\t\t<\/div>\n\t\t\t\t<\/div>\n\t\t<div class=\"elementor-element elementor-element-bfce16a e-con-full e-flex e-con e-child\" data-id=\"bfce16a\" data-element_type=\"container\" data-e-type=\"container\" data-settings=\"{&quot;background_background&quot;:&quot;classic&quot;}\">\n\t\t\t\t<div class=\"elementor-element elementor-element-847350a elementor-widget elementor-widget-heading\" data-id=\"847350a\" data-element_type=\"widget\" data-e-type=\"widget\" data-widget_type=\"heading.default\">\n\t\t\t\t\t<h2 class=\"elementor-heading-title elementor-size-default\">Hongrie<\/h2>\t\t\t\t<\/div>\n\t\t\t\t<div class=\"elementor-element elementor-element-0f61566 elementor-widget elementor-widget-heading\" data-id=\"0f61566\" data-element_type=\"widget\" data-e-type=\"widget\" data-widget_type=\"heading.default\">\n\t\t\t\t\t<h2 class=\"elementor-heading-title elementor-size-default\">Handelsvertretung Olga Hen<\/h2>\t\t\t\t<\/div>\n\t\t\t\t<div class=\"elementor-element elementor-element-cb13d79 elementor-align-left elementor-widget elementor-widget-button\" data-id=\"cb13d79\" data-element_type=\"widget\" data-e-type=\"widget\" data-widget_type=\"button.default\">\n\t\t\t\t\t\t\t\t\t\t<a class=\"elementor-button elementor-button-link elementor-size-sm\" href=\"mailto:hen.olga@gmail.com\" target=\"_blank\">\n\t\t\t\t\t\t<span class=\"elementor-button-content-wrapper\">\n\t\t\t\t\t\t\t\t\t<span class=\"elementor-button-text\">Courriel<\/span>\n\t\t\t\t\t<\/span>\n\t\t\t\t\t<\/a>\n\t\t\t\t\t\t\t\t<\/div>\n\t\t\t\t<\/div>\n\t\t\t\t\t<\/div>\n\t\t\t\t<\/div>\n\t\t\t\t<\/div>","protected":false},"excerpt":{"rendered":"<p>H\u00e4ndler Deutschland F\u00fcr die flexible und schnelle Lieferung kleiner Losgr\u00f6\u00dfen arbeitet VITO in Deutschland mit dem renommierten Klebebandexperten Schwertfeger zusammen \u2013 unserem offiziellen Vertriebspartner. Schwertfeger bietet nicht nur die kurzfristige Versorgung mit Standardprodukten, sondern fertigt auch individuell nach Kundenwunsch: von Formstanzteilen \u00fcber Rollen- und Bogenzuschnitte bis hin zu gelaserten Pr\u00e4zisionsteilen und vielen weiteren L\u00f6sungen. So [&hellip;]<\/p>\n","protected":false},"author":11,"featured_media":2430,"parent":53,"menu_order":15,"comment_status":"closed","ping_status":"closed","template":"","meta":{"_acf_changed":false,"footnotes":""},"menu":[183],"class_list":["post-51","page","type-page","status-publish","format-standard","has-post-thumbnail","hentry","menu-unternehmen-3"],"acf":[],"_links":{"self":[{"href":"https:\/\/vito-irmen.kranzweb.de\/fr\/wp-json\/wp\/v2\/pages\/51","targetHints":{"allow":["GET"]}}],"collection":[{"href":"https:\/\/vito-irmen.kranzweb.de\/fr\/wp-json\/wp\/v2\/pages"}],"about":[{"href":"https:\/\/vito-irmen.kranzweb.de\/fr\/wp-json\/wp\/v2\/types\/page"}],"author":[{"embeddable":true,"href":"https:\/\/vito-irmen.kranzweb.de\/fr\/wp-json\/wp\/v2\/users\/11"}],"replies":[{"embeddable":true,"href":"https:\/\/vito-irmen.kranzweb.de\/fr\/wp-json\/wp\/v2\/comments?post=51"}],"version-history":[{"count":27,"href":"https:\/\/vito-irmen.kranzweb.de\/fr\/wp-json\/wp\/v2\/pages\/51\/revisions"}],"predecessor-version":[{"id":8984,"href":"https:\/\/vito-irmen.kranzweb.de\/fr\/wp-json\/wp\/v2\/pages\/51\/revisions\/8984"}],"up":[{"embeddable":true,"href":"https:\/\/vito-irmen.kranzweb.de\/fr\/wp-json\/wp\/v2\/pages\/53"}],"wp:featuredmedia":[{"embeddable":true,"href":"https:\/\/vito-irmen.kranzweb.de\/fr\/wp-json\/wp\/v2\/media\/2430"}],"wp:attachment":[{"href":"https:\/\/vito-irmen.kranzweb.de\/fr\/wp-json\/wp\/v2\/media?parent=51"}],"wp:term":[{"taxonomy":"menu","embeddable":true,"href":"https:\/\/vito-irmen.kranzweb.de\/fr\/wp-json\/wp\/v2\/menu?post=51"}],"curies":[{"name":"wp","href":"https:\/\/api.w.org\/{rel}","templated":true}]}}