{"id":7566,"date":"2025-09-16T09:33:42","date_gmt":"2025-09-16T07:33:42","guid":{"rendered":"https:\/\/kranzkreativ.p01.wpspace.partners\/vito-irmen\/?page_id=7566"},"modified":"2026-02-11T10:08:11","modified_gmt":"2026-02-11T09:08:11","slug":"wir-sind-vito-irmen","status":"publish","type":"page","link":"https:\/\/vito-irmen.kranzweb.de\/en\/unternehmen\/wir-sind-vito-irmen\/","title":{"rendered":"We are VITO-Irmen"},"content":{"rendered":"\t\t<div data-elementor-type=\"wp-page\" data-elementor-id=\"7566\" class=\"elementor elementor-7566\" data-elementor-post-type=\"page\">\n\t\t\t\t<div class=\"elementor-element elementor-element-4dc9b82 e-flex e-con-boxed e-con e-parent\" data-id=\"4dc9b82\" data-element_type=\"container\" data-e-type=\"container\">\n\t\t\t\t\t<div class=\"e-con-inner\">\n\t\t<div class=\"elementor-element elementor-element-0278052 e-grid e-con-full e-con e-child\" data-id=\"0278052\" data-element_type=\"container\" data-e-type=\"container\">\n\t\t<div class=\"elementor-element elementor-element-9afa9b3 e-con-full e-flex e-con e-child\" data-id=\"9afa9b3\" data-element_type=\"container\" data-e-type=\"container\">\n\t\t\t\t<div class=\"elementor-element elementor-element-c8a98af elementor-widget elementor-widget-image\" data-id=\"c8a98af\" data-element_type=\"widget\" data-e-type=\"widget\" data-widget_type=\"image.default\">\n\t\t\t\t\t\t\t\t\t\t\t\t\t\t\t<img decoding=\"async\" width=\"200\" height=\"200\" src=\"https:\/\/vito-irmen.kranzweb.de\/wp-content\/uploads\/2020\/04\/icon_qualitaet_blau.png\" class=\"attachment-large size-large wp-image-2424\" alt=\"\" srcset=\"https:\/\/vito-irmen.kranzweb.de\/wp-content\/uploads\/2020\/04\/icon_qualitaet_blau.png 200w, https:\/\/vito-irmen.kranzweb.de\/wp-content\/uploads\/2020\/04\/icon_qualitaet_blau-150x150.png 150w\" sizes=\"(max-width: 200px) 100vw, 200px\" \/>\t\t\t\t\t\t\t\t\t\t\t\t\t\t\t<\/div>\n\t\t\t\t<div class=\"elementor-element elementor-element-7469665 elementor-widget elementor-widget-heading\" data-id=\"7469665\" data-element_type=\"widget\" data-e-type=\"widget\" data-widget_type=\"heading.default\">\n\t\t\t\t\t<span class=\"elementor-heading-title elementor-size-default\">Qualit\u00e4tsmanagement<\/span>\t\t\t\t<\/div>\n\t\t\t\t<div class=\"elementor-element elementor-element-1a1e0d5 elementor-widget elementor-widget-heading\" data-id=\"1a1e0d5\" data-element_type=\"widget\" data-e-type=\"widget\" data-widget_type=\"heading.default\">\n\t\t\t\t\t<p class=\"elementor-heading-title elementor-size-default\">Zertifiziert nach DIN EN ISO 9001:2015<\/p>\t\t\t\t<\/div>\n\t\t\t\t<\/div>\n\t\t<div class=\"elementor-element elementor-element-dc7e132 e-con-full e-flex e-con e-child\" data-id=\"dc7e132\" data-element_type=\"container\" data-e-type=\"container\">\n\t\t\t\t<div class=\"elementor-element elementor-element-6bc5fb8 elementor-widget elementor-widget-image\" data-id=\"6bc5fb8\" data-element_type=\"widget\" data-e-type=\"widget\" data-widget_type=\"image.default\">\n\t\t\t\t\t\t\t\t\t\t\t\t\t\t\t<img decoding=\"async\" width=\"200\" height=\"200\" src=\"https:\/\/vito-irmen.kranzweb.de\/wp-content\/uploads\/2020\/04\/Export.png\" class=\"attachment-large size-large wp-image-2422\" alt=\"\" srcset=\"https:\/\/vito-irmen.kranzweb.de\/wp-content\/uploads\/2020\/04\/Export.png 200w, https:\/\/vito-irmen.kranzweb.de\/wp-content\/uploads\/2020\/04\/Export-150x150.png 150w\" sizes=\"(max-width: 200px) 100vw, 200px\" \/>\t\t\t\t\t\t\t\t\t\t\t\t\t\t\t<\/div>\n\t\t\t\t<div class=\"elementor-element elementor-element-8f44b87 elementor-widget elementor-widget-heading\" data-id=\"8f44b87\" data-element_type=\"widget\" data-e-type=\"widget\" data-widget_type=\"heading.default\">\n\t\t\t\t\t<span class=\"elementor-heading-title elementor-size-default\">Export<\/span>\t\t\t\t<\/div>\n\t\t\t\t<div class=\"elementor-element elementor-element-8cfe06d elementor-widget elementor-widget-heading\" data-id=\"8cfe06d\" data-element_type=\"widget\" data-e-type=\"widget\" data-widget_type=\"heading.default\">\n\t\t\t\t\t<p class=\"elementor-heading-title elementor-size-default\">in mehr als 50 L\u00e4nder weltweit<\/p>\t\t\t\t<\/div>\n\t\t\t\t<\/div>\n\t\t<div class=\"elementor-element elementor-element-c9a8dfc e-con-full e-flex e-con e-child\" data-id=\"c9a8dfc\" data-element_type=\"container\" data-e-type=\"container\">\n\t\t\t\t<div class=\"elementor-element elementor-element-4a4f404 elementor-widget elementor-widget-image\" data-id=\"4a4f404\" data-element_type=\"widget\" data-e-type=\"widget\" data-widget_type=\"image.default\">\n\t\t\t\t\t\t\t\t\t\t\t\t\t\t\t<img decoding=\"async\" width=\"200\" height=\"200\" src=\"https:\/\/vito-irmen.kranzweb.de\/wp-content\/uploads\/2020\/04\/icon_qualitaet_blau.png\" class=\"attachment-large size-large wp-image-2424\" alt=\"\" srcset=\"https:\/\/vito-irmen.kranzweb.de\/wp-content\/uploads\/2020\/04\/icon_qualitaet_blau.png 200w, https:\/\/vito-irmen.kranzweb.de\/wp-content\/uploads\/2020\/04\/icon_qualitaet_blau-150x150.png 150w\" sizes=\"(max-width: 200px) 100vw, 200px\" \/>\t\t\t\t\t\t\t\t\t\t\t\t\t\t\t<\/div>\n\t\t\t\t<div class=\"elementor-element elementor-element-090eaee elementor-widget elementor-widget-heading\" data-id=\"090eaee\" data-element_type=\"widget\" data-e-type=\"widget\" data-widget_type=\"heading.default\">\n\t\t\t\t\t<span class=\"elementor-heading-title elementor-size-default\">Mitarbeiter<\/span>\t\t\t\t<\/div>\n\t\t\t\t<div class=\"elementor-element elementor-element-3fea25d elementor-widget elementor-widget-heading\" data-id=\"3fea25d\" data-element_type=\"widget\" data-e-type=\"widget\" data-widget_type=\"heading.default\">\n\t\t\t\t\t<p class=\"elementor-heading-title elementor-size-default\">&gt; 90<\/p>\t\t\t\t<\/div>\n\t\t\t\t<\/div>\n\t\t\t\t<\/div>\n\t\t<div class=\"elementor-element elementor-element-f8faf1a e-con-full e-flex e-con e-child\" data-id=\"f8faf1a\" data-element_type=\"container\" data-e-type=\"container\">\n\t\t\t\t<div class=\"elementor-element elementor-element-fb1c76a elementor-widget elementor-widget-heading\" data-id=\"fb1c76a\" data-element_type=\"widget\" data-e-type=\"widget\" data-widget_type=\"heading.default\">\n\t\t\t\t\t<h2 class=\"elementor-heading-title elementor-size-default\">VITO Irmen im Video<\/h2>\t\t\t\t<\/div>\n\t\t\t\t<\/div>\n\t\t<div class=\"elementor-element elementor-element-976e820 e-con-full e-flex e-con e-child\" data-id=\"976e820\" data-element_type=\"container\" data-e-type=\"container\">\n\t\t\t\t<div class=\"elementor-element elementor-element-7d981cb elementor-widget elementor-widget-heading\" data-id=\"7d981cb\" data-element_type=\"widget\" data-e-type=\"widget\" data-widget_type=\"heading.default\">\n\t\t\t\t\t<h2 class=\"elementor-heading-title elementor-size-default\">Mehr \u00fcber VITO Irmen<\/h2>\t\t\t\t<\/div>\n\t\t\t\t<div class=\"elementor-element elementor-element-18519c4 elementor-grid-3 elementor-grid-tablet-2 elementor-grid-mobile-1 elementor-widget elementor-widget-loop-grid\" data-id=\"18519c4\" data-element_type=\"widget\" data-e-type=\"widget\" data-settings=\"{&quot;template_id&quot;:&quot;7658&quot;,&quot;row_gap&quot;:{&quot;unit&quot;:&quot;px&quot;,&quot;size&quot;:30,&quot;sizes&quot;:[]},&quot;_skin&quot;:&quot;post&quot;,&quot;columns&quot;:&quot;3&quot;,&quot;columns_tablet&quot;:&quot;2&quot;,&quot;columns_mobile&quot;:&quot;1&quot;,&quot;edit_handle_selector&quot;:&quot;[data-elementor-type=\\&quot;loop-item\\&quot;]&quot;,&quot;row_gap_tablet&quot;:{&quot;unit&quot;:&quot;px&quot;,&quot;size&quot;:&quot;&quot;,&quot;sizes&quot;:[]},&quot;row_gap_mobile&quot;:{&quot;unit&quot;:&quot;px&quot;,&quot;size&quot;:&quot;&quot;,&quot;sizes&quot;:[]}}\" data-widget_type=\"loop-grid.post\">\n\t\t\t\t<div class=\"elementor-widget-container\">\n\t\t\t\t\t\t\t<div class=\"elementor-loop-container elementor-grid\" role=\"list\">\n\t\t<style id=\"loop-7658\">.elementor-7658 .elementor-element.elementor-element-5f0e8638{--display:flex;--flex-direction:column;--container-widget-width:100%;--container-widget-height:initial;--container-widget-flex-grow:0;--container-widget-align-self:initial;--flex-wrap-mobile:wrap;--gap:0px 0px;--row-gap:0px;--column-gap:0px;--overflow:hidden;--padding-top:0px;--padding-bottom:0px;--padding-left:0px;--padding-right:0px;}.elementor-7658 .elementor-element.elementor-element-5f0e8638:not(.elementor-motion-effects-element-type-background), .elementor-7658 .elementor-element.elementor-element-5f0e8638 > .elementor-motion-effects-container > .elementor-motion-effects-layer{background-color:var( --e-global-color-6f19d1e );}.elementor-widget-image .widget-image-caption{color:var( --e-global-color-text );font-family:var( --e-global-typography-text-font-family ), Sans-serif;font-size:var( --e-global-typography-text-font-size );font-weight:var( --e-global-typography-text-font-weight );}.elementor-7658 .elementor-element.elementor-element-efb3d07 img{width:100%;}.elementor-7658 .elementor-element.elementor-element-b10ad18{--display:flex;--padding-top:0%;--padding-bottom:0%;--padding-left:0%;--padding-right:10%;--position:absolute;bottom:0px;}.elementor-7658 .elementor-element.elementor-element-b10ad18:not(.elementor-motion-effects-element-type-background), .elementor-7658 .elementor-element.elementor-element-b10ad18 > .elementor-motion-effects-container > .elementor-motion-effects-layer{background-color:var( --e-global-color-accent );}body:not(.rtl) .elementor-7658 .elementor-element.elementor-element-b10ad18{left:0px;}body.rtl .elementor-7658 .elementor-element.elementor-element-b10ad18{right:0px;}.elementor-7658 .elementor-element.elementor-element-58bb19c7{--display:flex;--margin-top:-25px;--margin-bottom:35px;--margin-left:0px;--margin-right:0px;--padding-top:10px;--padding-bottom:10px;--padding-left:20px;--padding-right:20px;}.elementor-7658 .elementor-element.elementor-element-58bb19c7:not(.elementor-motion-effects-element-type-background), .elementor-7658 .elementor-element.elementor-element-58bb19c7 > .elementor-motion-effects-container > .elementor-motion-effects-layer{background-color:var( --e-global-color-primary );}.elementor-widget-heading .elementor-heading-title{font-family:var( --e-global-typography-primary-font-family ), Sans-serif;font-size:var( --e-global-typography-primary-font-size );font-weight:var( --e-global-typography-primary-font-weight );line-height:var( --e-global-typography-primary-line-height );letter-spacing:var( --e-global-typography-primary-letter-spacing );color:var( --e-global-color-primary );}.elementor-7658 .elementor-element.elementor-element-29467b18 .elementor-heading-title{font-family:var( --e-global-typography-451d581-font-family ), Sans-serif;font-size:var( --e-global-typography-451d581-font-size );font-weight:var( --e-global-typography-451d581-font-weight );line-height:var( --e-global-typography-451d581-line-height );letter-spacing:var( --e-global-typography-451d581-letter-spacing );word-spacing:var( --e-global-typography-451d581-word-spacing );color:var( --e-global-color-dbb8753 );}@media(max-width:1200px){.elementor-widget-image .widget-image-caption{font-size:var( --e-global-typography-text-font-size );}.elementor-widget-heading .elementor-heading-title{font-size:var( --e-global-typography-primary-font-size );line-height:var( --e-global-typography-primary-line-height );letter-spacing:var( --e-global-typography-primary-letter-spacing );}.elementor-7658 .elementor-element.elementor-element-29467b18 .elementor-heading-title{font-size:var( --e-global-typography-451d581-font-size );line-height:var( --e-global-typography-451d581-line-height );letter-spacing:var( --e-global-typography-451d581-letter-spacing );word-spacing:var( --e-global-typography-451d581-word-spacing );}}@media(max-width:767px){.elementor-widget-image .widget-image-caption{font-size:var( --e-global-typography-text-font-size );}.elementor-7658 .elementor-element.elementor-element-b10ad18{--z-index:10;}.elementor-widget-heading .elementor-heading-title{font-size:var( --e-global-typography-primary-font-size );line-height:var( --e-global-typography-primary-line-height );letter-spacing:var( --e-global-typography-primary-letter-spacing );}.elementor-7658 .elementor-element.elementor-element-29467b18 .elementor-heading-title{font-size:var( --e-global-typography-451d581-font-size );line-height:var( --e-global-typography-451d581-line-height );letter-spacing:var( --e-global-typography-451d581-letter-spacing );word-spacing:var( --e-global-typography-451d581-word-spacing );}}<\/style>\t\t<div data-elementor-type=\"loop-item\" data-elementor-id=\"7658\" class=\"elementor elementor-7658 e-loop-item e-loop-item-7566 post-7566 page type-page status-publish format-standard has-post-thumbnail hentry menu-unternehmen\" data-elementor-post-type=\"elementor_library\" data-custom-edit-handle=\"1\">\n\t\t\t<div class=\"elementor-element elementor-element-5f0e8638 e-flex e-con-boxed e-con e-parent\" data-id=\"5f0e8638\" data-element_type=\"container\" data-e-type=\"container\" data-settings=\"{&quot;background_background&quot;:&quot;classic&quot;}\">\n\t\t\t\t\t<div class=\"e-con-inner\">\n\t\t\t\t<div class=\"elementor-element elementor-element-efb3d07 elementor-widget elementor-widget-image\" data-id=\"efb3d07\" data-element_type=\"widget\" data-e-type=\"widget\" data-widget_type=\"image.default\">\n\t\t\t\t\t\t\t\t\t\t\t\t\t\t\t\t<a href=\"https:\/\/vito-irmen.kranzweb.de\/en\/unternehmen\/wir-sind-vito-irmen\/\">\n\t\t\t\t\t\t\t<img decoding=\"async\" src=\"https:\/\/vito-irmen.kranzweb.de\/wp-content\/uploads\/elementor\/thumbs\/Vito-Irmen_210517__KRA2813-HDR-Bearbeitet_WEB2520-rfsrlxy0z4vi6ewvh9spkd4trsh651kgwgepf3eha8.jpg\" title=\"Vito-Irmen_210517__KRA2813-HDR-Bearbeitet_WEB2520\" alt=\"Vito-Irmen_210517__KRA2813-HDR-Bearbeitet_WEB2520\" class=\"elementor-animation-grow\" loading=\"lazy\" \/>\t\t\t\t\t\t\t\t<\/a>\n\t\t\t\t\t\t\t\t\t\t\t\t\t\t\t<\/div>\n\t\t<div class=\"elementor-element elementor-element-b10ad18 e-con-full e-flex e-con e-child\" data-id=\"b10ad18\" data-element_type=\"container\" data-e-type=\"container\" data-settings=\"{&quot;background_background&quot;:&quot;classic&quot;,&quot;position&quot;:&quot;absolute&quot;}\">\n\t\t<div class=\"elementor-element elementor-element-58bb19c7 e-con-full e-flex e-con e-child\" data-id=\"58bb19c7\" data-element_type=\"container\" data-e-type=\"container\" data-settings=\"{&quot;background_background&quot;:&quot;classic&quot;}\">\n\t\t\t\t<div class=\"elementor-element elementor-element-29467b18 elementor-widget elementor-widget-heading\" data-id=\"29467b18\" data-element_type=\"widget\" data-e-type=\"widget\" data-widget_type=\"heading.default\">\n\t\t\t\t\t<span class=\"elementor-heading-title elementor-size-default\"><a href=\"https:\/\/vito-irmen.kranzweb.de\/en\/unternehmen\/wir-sind-vito-irmen\/\">Wir sind VITO-Irmen<\/a><\/span>\t\t\t\t<\/div>\n\t\t\t\t<\/div>\n\t\t\t\t<\/div>\n\t\t\t\t\t<\/div>\n\t\t\t\t<\/div>\n\t\t\t\t<\/div>\n\t\t\t\t<div data-elementor-type=\"loop-item\" data-elementor-id=\"7658\" class=\"elementor elementor-7658 e-loop-item e-loop-item-65 post-65 page type-page status-publish format-standard has-post-thumbnail hentry menu-unternehmen\" data-elementor-post-type=\"elementor_library\" data-custom-edit-handle=\"1\">\n\t\t\t<div class=\"elementor-element elementor-element-5f0e8638 e-flex e-con-boxed e-con e-parent\" data-id=\"5f0e8638\" data-element_type=\"container\" data-e-type=\"container\" data-settings=\"{&quot;background_background&quot;:&quot;classic&quot;}\">\n\t\t\t\t\t<div class=\"e-con-inner\">\n\t\t\t\t<div class=\"elementor-element elementor-element-efb3d07 elementor-widget elementor-widget-image\" data-id=\"efb3d07\" data-element_type=\"widget\" data-e-type=\"widget\" data-widget_type=\"image.default\">\n\t\t\t\t\t\t\t\t\t\t\t\t\t\t\t\t<a href=\"https:\/\/vito-irmen.kranzweb.de\/en\/unternehmen\/verbaende\/\">\n\t\t\t\t\t\t\t<img decoding=\"async\" src=\"https:\/\/vito-irmen.kranzweb.de\/wp-content\/uploads\/elementor\/thumbs\/AdobeStock_327993256-scaled-rfsrlx06sau7usy8mre2zvdd6elsxcgqkbr7xtfvgg.jpeg\" title=\"Diversity Business Team\" alt=\"Business diversity and teamwork as a group of diverse people holding arms as a multiracial society and corporate multicultural community joined and united team building as a together and togetherness concept.\" class=\"elementor-animation-grow\" loading=\"lazy\" \/>\t\t\t\t\t\t\t\t<\/a>\n\t\t\t\t\t\t\t\t\t\t\t\t\t\t\t<\/div>\n\t\t<div class=\"elementor-element elementor-element-b10ad18 e-con-full e-flex e-con e-child\" data-id=\"b10ad18\" data-element_type=\"container\" data-e-type=\"container\" data-settings=\"{&quot;background_background&quot;:&quot;classic&quot;,&quot;position&quot;:&quot;absolute&quot;}\">\n\t\t<div class=\"elementor-element elementor-element-58bb19c7 e-con-full e-flex e-con e-child\" data-id=\"58bb19c7\" data-element_type=\"container\" data-e-type=\"container\" data-settings=\"{&quot;background_background&quot;:&quot;classic&quot;}\">\n\t\t\t\t<div class=\"elementor-element elementor-element-29467b18 elementor-widget elementor-widget-heading\" data-id=\"29467b18\" data-element_type=\"widget\" data-e-type=\"widget\" data-widget_type=\"heading.default\">\n\t\t\t\t\t<span class=\"elementor-heading-title elementor-size-default\"><a href=\"https:\/\/vito-irmen.kranzweb.de\/en\/unternehmen\/verbaende\/\">Verb\u00e4nde<\/a><\/span>\t\t\t\t<\/div>\n\t\t\t\t<\/div>\n\t\t\t\t<\/div>\n\t\t\t\t\t<\/div>\n\t\t\t\t<\/div>\n\t\t\t\t<\/div>\n\t\t\t\t<div data-elementor-type=\"loop-item\" data-elementor-id=\"7658\" class=\"elementor elementor-7658 e-loop-item e-loop-item-1819 post-1819 page type-page status-publish format-standard has-post-thumbnail hentry menu-unternehmen\" data-elementor-post-type=\"elementor_library\" data-custom-edit-handle=\"1\">\n\t\t\t<div class=\"elementor-element elementor-element-5f0e8638 e-flex e-con-boxed e-con e-parent\" data-id=\"5f0e8638\" data-element_type=\"container\" data-e-type=\"container\" data-settings=\"{&quot;background_background&quot;:&quot;classic&quot;}\">\n\t\t\t\t\t<div class=\"e-con-inner\">\n\t\t\t\t<div class=\"elementor-element elementor-element-efb3d07 elementor-widget elementor-widget-image\" data-id=\"efb3d07\" data-element_type=\"widget\" data-e-type=\"widget\" data-widget_type=\"image.default\">\n\t\t\t\t\t\t\t\t\t\t\t\t\t\t\t\t<a href=\"https:\/\/vito-irmen.kranzweb.de\/en\/unternehmen\/historie\/\">\n\t\t\t\t\t\t\t<img decoding=\"async\" src=\"https:\/\/vito-irmen.kranzweb.de\/wp-content\/uploads\/elementor\/thumbs\/Fabrikeinfahrt-um-1965-rfsrlsazu4ns8r52e7cy5ek27h8yuuy2vohsjfmubk.jpg\" title=\"Fabrikeinfahrt um 1965\" alt=\"Fabrikeinfahrt um 1965\" class=\"elementor-animation-grow\" loading=\"lazy\" \/>\t\t\t\t\t\t\t\t<\/a>\n\t\t\t\t\t\t\t\t\t\t\t\t\t\t\t<\/div>\n\t\t<div class=\"elementor-element elementor-element-b10ad18 e-con-full e-flex e-con e-child\" data-id=\"b10ad18\" data-element_type=\"container\" data-e-type=\"container\" data-settings=\"{&quot;background_background&quot;:&quot;classic&quot;,&quot;position&quot;:&quot;absolute&quot;}\">\n\t\t<div class=\"elementor-element elementor-element-58bb19c7 e-con-full e-flex e-con e-child\" data-id=\"58bb19c7\" data-element_type=\"container\" data-e-type=\"container\" data-settings=\"{&quot;background_background&quot;:&quot;classic&quot;}\">\n\t\t\t\t<div class=\"elementor-element elementor-element-29467b18 elementor-widget elementor-widget-heading\" data-id=\"29467b18\" data-element_type=\"widget\" data-e-type=\"widget\" data-widget_type=\"heading.default\">\n\t\t\t\t\t<span class=\"elementor-heading-title elementor-size-default\"><a href=\"https:\/\/vito-irmen.kranzweb.de\/en\/unternehmen\/historie\/\">Historie<\/a><\/span>\t\t\t\t<\/div>\n\t\t\t\t<\/div>\n\t\t\t\t<\/div>\n\t\t\t\t\t<\/div>\n\t\t\t\t<\/div>\n\t\t\t\t<\/div>\n\t\t\t\t<\/div>\n\t\t\n\t\t\t\t\t\t<\/div>\n\t\t\t\t<\/div>\n\t\t\t\t<\/div>\n\t\t\t\t\t<\/div>\n\t\t\t\t<\/div>\n\t\t\t\t<\/div>\n\t\t","protected":false},"excerpt":{"rendered":"<p>Qualit\u00e4tsmanagement Zertifiziert nach DIN EN ISO 9001:2015 Export in mehr als 50 L\u00e4nder weltweit Mitarbeiter &gt; 90 VITO Irmen im Video Mehr \u00fcber VITO Irmen<\/p>","protected":false},"author":11,"featured_media":5355,"parent":53,"menu_order":6,"comment_status":"closed","ping_status":"closed","template":"","meta":{"_acf_changed":false,"footnotes":""},"menu":[158],"class_list":["post-7566","page","type-page","status-publish","format-standard","has-post-thumbnail","hentry","menu-unternehmen"],"acf":[],"_links":{"self":[{"href":"https:\/\/vito-irmen.kranzweb.de\/en\/wp-json\/wp\/v2\/pages\/7566","targetHints":{"allow":["GET"]}}],"collection":[{"href":"https:\/\/vito-irmen.kranzweb.de\/en\/wp-json\/wp\/v2\/pages"}],"about":[{"href":"https:\/\/vito-irmen.kranzweb.de\/en\/wp-json\/wp\/v2\/types\/page"}],"author":[{"embeddable":true,"href":"https:\/\/vito-irmen.kranzweb.de\/en\/wp-json\/wp\/v2\/users\/11"}],"replies":[{"embeddable":true,"href":"https:\/\/vito-irmen.kranzweb.de\/en\/wp-json\/wp\/v2\/comments?post=7566"}],"version-history":[{"count":15,"href":"https:\/\/vito-irmen.kranzweb.de\/en\/wp-json\/wp\/v2\/pages\/7566\/revisions"}],"predecessor-version":[{"id":8976,"href":"https:\/\/vito-irmen.kranzweb.de\/en\/wp-json\/wp\/v2\/pages\/7566\/revisions\/8976"}],"up":[{"embeddable":true,"href":"https:\/\/vito-irmen.kranzweb.de\/en\/wp-json\/wp\/v2\/pages\/53"}],"wp:featuredmedia":[{"embeddable":true,"href":"https:\/\/vito-irmen.kranzweb.de\/en\/wp-json\/wp\/v2\/media\/5355"}],"wp:attachment":[{"href":"https:\/\/vito-irmen.kranzweb.de\/en\/wp-json\/wp\/v2\/media?parent=7566"}],"wp:term":[{"taxonomy":"menu","embeddable":true,"href":"https:\/\/vito-irmen.kranzweb.de\/en\/wp-json\/wp\/v2\/menu?post=7566"}],"curies":[{"name":"wp","href":"https:\/\/api.w.org\/{rel}","templated":true}]}}