{"id":55,"date":"2020-03-16T08:20:30","date_gmt":"2020-03-16T07:20:30","guid":{"rendered":"http:\/\/kranzhost.de\/vito-irmen2020\/?page_id=55"},"modified":"2025-09-19T12:30:15","modified_gmt":"2025-09-19T10:30:15","slug":"karriere","status":"publish","type":"page","link":"https:\/\/vito-irmen.kranzweb.de\/en\/karriere\/","title":{"rendered":"Career"},"content":{"rendered":"\t\t<div data-elementor-type=\"wp-page\" data-elementor-id=\"55\" class=\"elementor elementor-55\" data-elementor-post-type=\"page\">\n\t\t\t\t<div class=\"elementor-element elementor-element-6dfcd8b e-flex e-con-boxed e-con e-parent\" data-id=\"6dfcd8b\" data-element_type=\"container\" data-e-type=\"container\">\n\t\t\t\t\t<div class=\"e-con-inner\">\n\t\t<div class=\"elementor-element elementor-element-7c02f76 e-con-full e-flex e-con e-child\" data-id=\"7c02f76\" data-element_type=\"container\" data-e-type=\"container\">\n\t\t\t\t<div class=\"elementor-element elementor-element-c08b1fa elementor-widget elementor-widget-heading\" data-id=\"c08b1fa\" data-element_type=\"widget\" data-e-type=\"widget\" data-widget_type=\"heading.default\">\n\t\t\t\t\t<h2 class=\"elementor-heading-title elementor-size-default\">Aktuelle Stellenangebote<\/h2>\t\t\t\t<\/div>\n\t\t\t\t<\/div>\n\t\t\t\t<div class=\"elementor-element elementor-element-df7896c elementor-grid-1 elementor-grid-tablet-2 elementor-grid-mobile-1 elementor-widget elementor-widget-loop-grid\" data-id=\"df7896c\" data-element_type=\"widget\" data-e-type=\"widget\" data-settings=\"{&quot;template_id&quot;:8519,&quot;columns&quot;:1,&quot;_skin&quot;:&quot;post&quot;,&quot;columns_tablet&quot;:&quot;2&quot;,&quot;columns_mobile&quot;:&quot;1&quot;,&quot;edit_handle_selector&quot;:&quot;[data-elementor-type=\\&quot;loop-item\\&quot;]&quot;,&quot;row_gap&quot;:{&quot;unit&quot;:&quot;px&quot;,&quot;size&quot;:&quot;&quot;,&quot;sizes&quot;:[]},&quot;row_gap_tablet&quot;:{&quot;unit&quot;:&quot;px&quot;,&quot;size&quot;:&quot;&quot;,&quot;sizes&quot;:[]},&quot;row_gap_mobile&quot;:{&quot;unit&quot;:&quot;px&quot;,&quot;size&quot;:&quot;&quot;,&quot;sizes&quot;:[]}}\" data-widget_type=\"loop-grid.post\">\n\t\t\t\t<div class=\"elementor-widget-container\">\n\t\t\t\t\t\t\t<div class=\"e-loop-nothing-found-message\">\n\t\t\t\t\t<div class=\"e-loop-nothing-found-message__text\">\n\t\t\t\t<div class=\"nocontent\">\n  <p><strong>Zurzeit haben wir keine vakanten Positionen zu besetzen.<\/strong><\/p>\n  <p>Wir freuen uns jedoch jederzeit \u00fcber Ihre Initiativbewerbung!<\/p>\n\n\u00dcberzeugen Sie uns mit Ihren F\u00e4higkeiten, Ideen und Ihrem Engagement \u2013 vielleicht passen Sie perfekt zu VITO-Irmen, auch wenn gerade keine Stelle ausgeschrieben ist.<bt>\n\nSchicken Sie uns Ihre Bewerbungsunterlagen \u2013 wir melden uns gerne bei Ihnen.\n<\/div>\t\t\t<\/div>\n\t\t\t<\/div>\n\t\t\t\t\t\t<\/div>\n\t\t\t\t<\/div>\n\t\t\t\t\t<\/div>\n\t\t\t\t<\/div>\n\t\t<div class=\"elementor-element elementor-element-2fa47f8 e-flex e-con-boxed e-con e-parent\" data-id=\"2fa47f8\" data-element_type=\"container\" data-e-type=\"container\">\n\t\t\t\t\t<div class=\"e-con-inner\">\n\t\t<div class=\"elementor-element elementor-element-f3ca883 e-con-full e-flex e-con e-child\" data-id=\"f3ca883\" data-element_type=\"container\" data-e-type=\"container\">\n\t\t\t\t<div class=\"elementor-element elementor-element-7f561f4 elementor-widget elementor-widget-heading\" data-id=\"7f561f4\" data-element_type=\"widget\" data-e-type=\"widget\" data-widget_type=\"heading.default\">\n\t\t\t\t\t<h2 class=\"elementor-heading-title elementor-size-default\">Ausbildungspl\u00e4tze<\/h2>\t\t\t\t<\/div>\n\t\t<div class=\"elementor-element elementor-element-ba60f44 e-con-full e-flex e-con e-child\" data-id=\"ba60f44\" data-element_type=\"container\" data-e-type=\"container\">\n\t\t<div class=\"elementor-element elementor-element-d52ecac e-con-full e-flex e-con e-child\" data-id=\"d52ecac\" data-element_type=\"container\" data-e-type=\"container\">\n\t\t\t\t<div class=\"elementor-element elementor-element-7471c36 elementor-widget elementor-widget-text-editor\" data-id=\"7471c36\" data-element_type=\"widget\" data-e-type=\"widget\" data-widget_type=\"text-editor.default\">\n\t\t\t\t\t\t\t\t\t<div class=\"fl-module fl-module-rich-text fl-node-5e99aeb0cb2dc\" data-node=\"5e99aeb0cb2dc\"><div class=\"fl-module-content fl-node-content\"><div class=\"fl-rich-text\"><p><strong>Deine Zukunft beginnt jetzt.<\/strong><\/p><\/div><\/div><\/div><div class=\"fl-col-group fl-node-5e99aeb0cb2dd fl-col-group-nested fl-col-group-custom-width fl-col-group-responsive-reversed\" data-node=\"5e99aeb0cb2dd\"><div class=\"fl-col fl-node-5e99aeb0cb2de fl-col-bg-color fl-col-small-custom-width\" data-node=\"5e99aeb0cb2de\"><div class=\"fl-col-content fl-node-content\"><div class=\"fl-module fl-module-rich-text fl-node-5e99aeb0cb2e1\" data-node=\"5e99aeb0cb2e1\"><div class=\"fl-module-content fl-node-content\"><div class=\"fl-rich-text\"><p>VITO Irmen gibt dir die Chance in einem jungen und hochmotivierten Team deine Talente zu entdecken und zu f\u00f6rdern. Stelle mit unseren modernen Ausbildungsm\u00f6glichkeiten deine Weichen in Richtung erfolgreicher Zukunft. Wir suchen helle K\u00f6pfe, fingerfertige H\u00e4nde, tatkr\u00e4ftige Macher, starke Pers\u00f6nlichkeiten und bodenst\u00e4ndige Vision\u00e4re, um gemeinsam die Welt zu verbinden. Bei uns bist du genau richtig, bewirb dich jetzt.<\/p><\/div><\/div><\/div><\/div><\/div><\/div>\t\t\t\t\t\t\t\t<\/div>\n\t\t\t\t<\/div>\n\t\t<div class=\"elementor-element elementor-element-37c225d e-con-full e-flex e-con e-child\" data-id=\"37c225d\" data-element_type=\"container\" data-e-type=\"container\">\n\t\t\t\t<div class=\"elementor-element elementor-element-3c75bdb elementor-widget elementor-widget-image\" data-id=\"3c75bdb\" data-element_type=\"widget\" data-e-type=\"widget\" data-widget_type=\"image.default\">\n\t\t\t\t\t\t\t\t\t\t\t\t\t\t\t<img fetchpriority=\"high\" decoding=\"async\" width=\"620\" height=\"310\" src=\"https:\/\/vito-irmen.kranzweb.de\/wp-content\/uploads\/2020\/04\/ihk-koblenz_01.jpg\" class=\"attachment-large size-large wp-image-2495\" alt=\"\" srcset=\"https:\/\/vito-irmen.kranzweb.de\/wp-content\/uploads\/2020\/04\/ihk-koblenz_01.jpg 620w, https:\/\/vito-irmen.kranzweb.de\/wp-content\/uploads\/2020\/04\/ihk-koblenz_01-300x150.jpg 300w\" sizes=\"(max-width: 620px) 100vw, 620px\" \/>\t\t\t\t\t\t\t\t\t\t\t\t\t\t\t<\/div>\n\t\t\t\t<\/div>\n\t\t\t\t<\/div>\n\t\t\t\t<\/div>\n\t\t\t\t\t<\/div>\n\t\t\t\t<\/div>\n\t\t\t\t<\/div>\n\t\t","protected":false},"excerpt":{"rendered":"<p>Aktuelle Stellenangebote Ausbildungspl\u00e4tze Deine Zukunft beginnt jetzt. VITO Irmen gibt dir die Chance in einem jungen und hochmotivierten Team deine Talente zu entdecken und zu f\u00f6rdern. Stelle mit unseren modernen Ausbildungsm\u00f6glichkeiten deine Weichen in Richtung erfolgreicher Zukunft. Wir suchen helle K\u00f6pfe, fingerfertige H\u00e4nde, tatkr\u00e4ftige Macher, starke Pers\u00f6nlichkeiten und bodenst\u00e4ndige Vision\u00e4re, um gemeinsam die Welt zu [&hellip;]<\/p>\n","protected":false},"author":11,"featured_media":835,"parent":0,"menu_order":22,"comment_status":"closed","ping_status":"closed","template":"","meta":{"_acf_changed":false,"footnotes":""},"menu":[],"class_list":["post-55","page","type-page","status-publish","format-standard","has-post-thumbnail","hentry"],"acf":[],"_links":{"self":[{"href":"https:\/\/vito-irmen.kranzweb.de\/en\/wp-json\/wp\/v2\/pages\/55","targetHints":{"allow":["GET"]}}],"collection":[{"href":"https:\/\/vito-irmen.kranzweb.de\/en\/wp-json\/wp\/v2\/pages"}],"about":[{"href":"https:\/\/vito-irmen.kranzweb.de\/en\/wp-json\/wp\/v2\/types\/page"}],"author":[{"embeddable":true,"href":"https:\/\/vito-irmen.kranzweb.de\/en\/wp-json\/wp\/v2\/users\/11"}],"replies":[{"embeddable":true,"href":"https:\/\/vito-irmen.kranzweb.de\/en\/wp-json\/wp\/v2\/comments?post=55"}],"version-history":[{"count":36,"href":"https:\/\/vito-irmen.kranzweb.de\/en\/wp-json\/wp\/v2\/pages\/55\/revisions"}],"predecessor-version":[{"id":8898,"href":"https:\/\/vito-irmen.kranzweb.de\/en\/wp-json\/wp\/v2\/pages\/55\/revisions\/8898"}],"wp:featuredmedia":[{"embeddable":true,"href":"https:\/\/vito-irmen.kranzweb.de\/en\/wp-json\/wp\/v2\/media\/835"}],"wp:attachment":[{"href":"https:\/\/vito-irmen.kranzweb.de\/en\/wp-json\/wp\/v2\/media?parent=55"}],"wp:term":[{"taxonomy":"menu","embeddable":true,"href":"https:\/\/vito-irmen.kranzweb.de\/en\/wp-json\/wp\/v2\/menu?post=55"}],"curies":[{"name":"wp","href":"https:\/\/api.w.org\/{rel}","templated":true}]}}